{"id":18,"date":"2023-08-22T11:38:43","date_gmt":"2023-08-22T14:38:43","guid":{"rendered":"http:\/\/designplusmoda.com.ar\/?page_id=18"},"modified":"2023-08-22T11:38:43","modified_gmt":"2023-08-22T14:38:43","slug":"home","status":"publish","type":"page","link":"https:\/\/designplusmoda.com.ar\/","title":{"rendered":"Home"},"content":{"rendered":"<section class=\"hts-section hts-hero\">\n    <div class=\"hts-hero-spacer\"><\/div>\n    <div class=\"hts-hero-content\">\n        <div class=\"hts-hero-image\">\n            <img decoding=\"async\" src=\"https:\/\/designplusmoda.com.ar\/wp-content\/themes\/hostinger-blog\/build\/images\/heroimage.jpeg\" alt=\"background\" \/>\n        <\/div>\n        <div class=\"hts-hero-block\">\n            <div class=\"hts-hero-body\">\n                <div class=\"hts-hero-details\">\n                    <div>\n                        <h1>DESIGNPLUSMODA<\/h1>\n                        <p>Descubre el mejor estilo y dise\u00f1o en moda con DESIGNPLUSMODA. Encuentra las \u00faltimas tendencias y los productos de alta calidad que har\u00e1n destacar tu estilo \u00fanico. \u00a1Explora nuestra colecci\u00f3n hoy mismo!<\/p>\n                        <a href=\"https:\/\/designplusmoda.com.ar\/?page_id=6\" class=\"btn primary\" >Read more<\/a>\n                    <\/div>\n                    <div class=\"hts-hero-body-image\">\n                        <img decoding=\"async\" src=\"https:\/\/designplusmoda.com.ar\/wp-content\/themes\/hostinger-blog\/build\/images\/heroimage.jpeg\" alt=\"background\" \/>\n                    <\/div>\n                    <div class=\"hts-hero-footer\">\n                        <div class=\"hts-social\">\n                                                                                                                                        <\/div>\n                        <p class=\"hts-title\">El estilo y dise\u00f1o que te define<\/p>\n                    <\/div>\n                <\/div>\n            <\/div>\n        <\/div>\n    <\/div>\n<\/section><section class=\"hts-section hts-no-border hts-posts hts-featured-post-wrapper\">\n    <div>\n                <div class=\"hts-posts-header\">\n            <h2 class=\"hts-title\">Featured post<\/h2>\n        <\/div>\n                <div class=\"hts-featured-post\">\n            <!-- Post -->\n            <div class=\"hts-post\">\n                <div class=\"hts-image-wrapper\">\n                                        <a href=\"https:\/\/designplusmoda.com.ar\/?p=4\" class=\"hts-featured-post-link\">\n                        <img decoding=\"async\" src=\"https:\/\/images.unsplash.com\/photo-1597088125765-9a8825927c6c?crop=entropy\" title=\"Photo by Nick Sanchez\" alt=\"woman in black and white long sleeve shirt sitting on chair\">                    <\/a>\n                                        <span class=\"hts-unsplash-data\">Photo by <a href=\"https:\/\/unsplash.com\/@nicksanchezz?utm_source=hostinger&#038;utm_medium=referral\" rel=\"nofollow\">Nick Sanchez<\/a> on <a href=\"https:\/\/unsplash.com\/?utm_source=hostinger&#038;utm_medium=referral\" rel=\"nofollow\">Unsplash<\/a><\/span>                <\/div>\n                <div class=\"hts-post-details\">\n                    <div class=\"hts-posts-body-header\">\n                        <h2 class=\"hts-title\">Featured post<\/h2>\n                    <\/div>\n                    <div class=\"hts-capsules\">\n                                                                                                                        <a href=\"https:\/\/designplusmoda.com.ar\/?cat=1\">\n                            <div>Blog<\/div>\n                        <\/a>\n                                                                                            <\/div>\n                                        <a href=\"https:\/\/designplusmoda.com.ar\/?p=4\">\n                        <h3 class=\"hts-title\">Descubriendo la magia del dise\u00f1o con DESIGN PLUS<\/h3>\n                    <\/a>\n                                                            <p class=\"small\">August 22, 2023 | by designplusmoda.com.ar<\/p>\n                                    <\/div>\n            <\/div>\n        <\/div>\n    <\/div>\n<\/section><section class=\"hts-section hts-posts\">\n    <hr class=\"full\">\n    <div>\n        <div class=\"hts-posts-header\">\n            <h2 class=\"hts-title\">Latest posts<\/h2>\n            <a href=\"https:\/\/designplusmoda.com.ar\/?page_id=11\" class=\"hts-posts-action\">\n                <p>View all<\/p>\n                <img decoding=\"async\" src=\"https:\/\/designplusmoda.com.ar\/wp-content\/themes\/hostinger-blog\/build\/images\/icon-arrow-right.svg\" alt=\"view all\">\n            <\/a>\n        <\/div>\n        <div class=\"hts-posts-list\">\n                        <div class=\"hts-post hts-large\">\n                                <div class=\"hts-image-wrapper\">\n                                        <a href=\"https:\/\/designplusmoda.com.ar\/?p=27\" class=\"hts-featured-post-link\">\n                        <img decoding=\"async\" src=\"https:\/\/images.unsplash.com\/photo-1671351655863-26a983f68587?crop=entropy\" title=\"Photo by Toni Pomar\" alt=\"a group of people standing on top of a building\">                    <\/a>\n                                        <span class=\"hts-unsplash-data\">Photo by <a href=\"https:\/\/unsplash.com\/@t3k?utm_source=hostinger&#038;utm_medium=referral\" rel=\"nofollow\">Toni Pomar<\/a> on <a href=\"https:\/\/unsplash.com\/?utm_source=hostinger&#038;utm_medium=referral\" rel=\"nofollow\">Unsplash<\/a><\/span>                <\/div>\n                <div class=\"hts-post-details\">\n                    <div class=\"hts-capsules\">\n                                                                                                                        <a href=\"https:\/\/designplusmoda.com.ar\/?cat=1\">\n                            <div>Blog<\/div>\n                        <\/a>\n                                                                                            <\/div>\n                    <a href=\"https:\/\/designplusmoda.com.ar\/?p=27\">\n                        <h3 class=\"hts-title\">\u00a1Descubre el encanto del dise\u00f1o con Design Plus!<\/h3>\n                    <\/a>\n                                        <p class=\"small\">August 22, 2023 | by designplusmoda.com.ar<\/p>\n                                    <\/div>\n            <\/div>\n                        <div class=\"hts-post \">\n                                <div class=\"hts-image-wrapper\">\n                                        <a href=\"https:\/\/designplusmoda.com.ar\/?p=24\" class=\"hts-featured-post-link\">\n                        <img decoding=\"async\" src=\"https:\/\/images.unsplash.com\/photo-1536851784907-ca92b8a12f69?crop=entropy\" title=\"Photo by Analia Baggiano\" alt=\"empty white chair\">                    <\/a>\n                                        <span class=\"hts-unsplash-data\">Photo by <a href=\"https:\/\/unsplash.com\/@anitabagg?utm_source=hostinger&#038;utm_medium=referral\" rel=\"nofollow\">Analia Baggiano<\/a> on <a href=\"https:\/\/unsplash.com\/?utm_source=hostinger&#038;utm_medium=referral\" rel=\"nofollow\">Unsplash<\/a><\/span>                <\/div>\n                <div class=\"hts-post-details\">\n                    <div class=\"hts-capsules\">\n                                                                                                                        <a href=\"https:\/\/designplusmoda.com.ar\/?cat=1\">\n                            <div>Blog<\/div>\n                        <\/a>\n                                                                                            <\/div>\n                    <a href=\"https:\/\/designplusmoda.com.ar\/?p=24\">\n                        <h3 class=\"hts-title\">Transforma tu hogar con el dise\u00f1o de interiores de DESIGN PLUS<\/h3>\n                    <\/a>\n                                        <p class=\"small\">August 22, 2023 | by designplusmoda.com.ar<\/p>\n                                    <\/div>\n            <\/div>\n                        <div class=\"hts-post \">\n                                <div class=\"hts-image-wrapper\">\n                                        <a href=\"https:\/\/designplusmoda.com.ar\/?p=22\" class=\"hts-featured-post-link\">\n                        <img decoding=\"async\" src=\"https:\/\/images.unsplash.com\/photo-1597088125765-9a8825927c6c?crop=entropy\" title=\"Photo by Nick Sanchez\" alt=\"woman in black and white long sleeve shirt sitting on chair\">                    <\/a>\n                                        <span class=\"hts-unsplash-data\">Photo by <a href=\"https:\/\/unsplash.com\/@nicksanchezz?utm_source=hostinger&#038;utm_medium=referral\" rel=\"nofollow\">Nick Sanchez<\/a> on <a href=\"https:\/\/unsplash.com\/?utm_source=hostinger&#038;utm_medium=referral\" rel=\"nofollow\">Unsplash<\/a><\/span>                <\/div>\n                <div class=\"hts-post-details\">\n                    <div class=\"hts-capsules\">\n                                                                                                                        <a href=\"https:\/\/designplusmoda.com.ar\/?cat=1\">\n                            <div>Blog<\/div>\n                        <\/a>\n                                                                                            <\/div>\n                    <a href=\"https:\/\/designplusmoda.com.ar\/?p=22\">\n                        <h3 class=\"hts-title\">Dise\u00f1o Plus: Un mundo de creatividad y estilo<\/h3>\n                    <\/a>\n                                        <p class=\"small\">August 22, 2023 | by designplusmoda.com.ar<\/p>\n                                    <\/div>\n            <\/div>\n                        <div class=\"hts-post \">\n                                <div class=\"hts-image-wrapper\">\n                                        <a href=\"https:\/\/designplusmoda.com.ar\/?p=17\" class=\"hts-featured-post-link\">\n                        <img decoding=\"async\" src=\"https:\/\/images.unsplash.com\/photo-1460925895917-afdab827c52f?crop=entropy\" title=\"Photo by Carlos Muza\" alt=\"laptop computer on glass-top table\">                    <\/a>\n                                        <span class=\"hts-unsplash-data\">Photo by <a href=\"https:\/\/unsplash.com\/@kmuza?utm_source=hostinger&#038;utm_medium=referral\" rel=\"nofollow\">Carlos Muza<\/a> on <a href=\"https:\/\/unsplash.com\/?utm_source=hostinger&#038;utm_medium=referral\" rel=\"nofollow\">Unsplash<\/a><\/span>                <\/div>\n                <div class=\"hts-post-details\">\n                    <div class=\"hts-capsules\">\n                                                                                                                        <a href=\"https:\/\/designplusmoda.com.ar\/?cat=1\">\n                            <div>Blog<\/div>\n                        <\/a>\n                                                                                            <\/div>\n                    <a href=\"https:\/\/designplusmoda.com.ar\/?p=17\">\n                        <h3 class=\"hts-title\">Dise\u00f1o Plus: El aliado perfecto para llevar tu negocio al siguiente nivel<\/h3>\n                    <\/a>\n                                        <p class=\"small\">August 22, 2023 | by designplusmoda.com.ar<\/p>\n                                    <\/div>\n            <\/div>\n                        <div class=\"hts-post \">\n                                <div class=\"hts-image-wrapper\">\n                                        <a href=\"https:\/\/designplusmoda.com.ar\/?p=7\" class=\"hts-featured-post-link\">\n                        <img decoding=\"async\" src=\"https:\/\/images.unsplash.com\/photo-1500462918059-b1a0cb512f1d?crop=entropy\" title=\"Photo by Efe Kurnaz\" alt=\"multicolored hallway\">                    <\/a>\n                                        <span class=\"hts-unsplash-data\">Photo by <a href=\"https:\/\/unsplash.com\/@efekurnaz?utm_source=hostinger&#038;utm_medium=referral\" rel=\"nofollow\">Efe Kurnaz<\/a> on <a href=\"https:\/\/unsplash.com\/?utm_source=hostinger&#038;utm_medium=referral\" rel=\"nofollow\">Unsplash<\/a><\/span>                <\/div>\n                <div class=\"hts-post-details\">\n                    <div class=\"hts-capsules\">\n                                                                                                                        <a href=\"https:\/\/designplusmoda.com.ar\/?cat=1\">\n                            <div>Blog<\/div>\n                        <\/a>\n                                                                                            <\/div>\n                    <a href=\"https:\/\/designplusmoda.com.ar\/?p=7\">\n                        <h3 class=\"hts-title\">5 consejos para mejorar la imagen de tu negocio con DESIGN PLUS<\/h3>\n                    <\/a>\n                                        <p class=\"small\">August 22, 2023 | by designplusmoda.com.ar<\/p>\n                                    <\/div>\n            <\/div>\n                        <div class=\"hts-post hts-large\">\n                                <div class=\"hts-image-wrapper\">\n                                        <a href=\"https:\/\/designplusmoda.com.ar\/?p=4\" class=\"hts-featured-post-link\">\n                        <img decoding=\"async\" src=\"https:\/\/images.unsplash.com\/photo-1597088125765-9a8825927c6c?crop=entropy\" title=\"Photo by Nick Sanchez\" alt=\"woman in black and white long sleeve shirt sitting on chair\">                    <\/a>\n                                        <span class=\"hts-unsplash-data\">Photo by <a href=\"https:\/\/unsplash.com\/@nicksanchezz?utm_source=hostinger&#038;utm_medium=referral\" rel=\"nofollow\">Nick Sanchez<\/a> on <a href=\"https:\/\/unsplash.com\/?utm_source=hostinger&#038;utm_medium=referral\" rel=\"nofollow\">Unsplash<\/a><\/span>                <\/div>\n                <div class=\"hts-post-details\">\n                    <div class=\"hts-capsules\">\n                                                                                                                        <a href=\"https:\/\/designplusmoda.com.ar\/?cat=1\">\n                            <div>Blog<\/div>\n                        <\/a>\n                                                                                            <\/div>\n                    <a href=\"https:\/\/designplusmoda.com.ar\/?p=4\">\n                        <h3 class=\"hts-title\">Descubriendo la magia del dise\u00f1o con DESIGN PLUS<\/h3>\n                    <\/a>\n                                        <p class=\"small\">August 22, 2023 | by designplusmoda.com.ar<\/p>\n                                    <\/div>\n            <\/div>\n                    <\/div>\n    <\/div>\n<\/section><section class=\"hts-section hts-newsletter\">\n\t<hr class=\"full\">\n\t<div class=\"wrapper\">\n\t<div>\n\t\t<h3 class=\"hts-title\">Newsletter<\/h3>\n\t\t<p>Subscribe to stay up-to-date with my latest creative projects, insights, and tips.<\/p>\n\t<\/div>\n\t<div class=\"hts-newsletter-block\">\n\t\t<form>\n\t\t\t<input type=\"hidden\" id=\"newsletter_nonce\" name=\"newsletter_nonce\" value=\"161d21aa8c\" \/><input type=\"hidden\" name=\"_wp_http_referer\" value=\"\/index.php?rest_route=%2Fwp%2Fv2%2Fpages%2F18\" \/>\t\t\t<label for=\"hts-newsletter-email\">Email<\/label>\n\t\t\t<input type=\"email\"\n\t\t\t       id=\"hts-newsletter-email\"\n\t\t\t       name=\"newsletter_email\"\n\t\t\t       placeholder=\"What\u2019s your email?\">\n\t\t\t<div class=\"validate-message\"><\/div>\n\t\t\t<div class=\"hts-privacy-agree\">\n\t\t\t\t<label class=\"hts-form-control\">\n\t\t\t\t<input type=\"checkbox\" id=\"privacy-policy-checkbox\" name=\"privacy_policy\" required>\n\t\t\t\t<\/label>\n\t\t\t\t<span>\n\t\t\t\t\tI consent to use of my email address for the purpose of receiving newsletters as described in <a href=\"\" target=\"_blank\">Privacy Policy<\/a>, which I have read. I may withdraw my consent at any time.\t\t\t\t<\/span>\n\t\t\t<\/div>\n\t\t\t<input type=\"submit\" class=\"btn primary\" value=\"Subscribe\"\/>\n\t\t<\/form>\n\t<\/div>\n\t<\/div>\n<\/section>","protected":false},"excerpt":{"rendered":"","protected":false},"author":1,"featured_media":0,"parent":0,"menu_order":0,"comment_status":"closed","ping_status":"closed","template":"","meta":{"footnotes":""},"_links":{"self":[{"href":"https:\/\/designplusmoda.com.ar\/index.php?rest_route=\/wp\/v2\/pages\/18"}],"collection":[{"href":"https:\/\/designplusmoda.com.ar\/index.php?rest_route=\/wp\/v2\/pages"}],"about":[{"href":"https:\/\/designplusmoda.com.ar\/index.php?rest_route=\/wp\/v2\/types\/page"}],"author":[{"embeddable":true,"href":"https:\/\/designplusmoda.com.ar\/index.php?rest_route=\/wp\/v2\/users\/1"}],"replies":[{"embeddable":true,"href":"https:\/\/designplusmoda.com.ar\/index.php?rest_route=%2Fwp%2Fv2%2Fcomments&post=18"}],"version-history":[{"count":0,"href":"https:\/\/designplusmoda.com.ar\/index.php?rest_route=\/wp\/v2\/pages\/18\/revisions"}],"wp:attachment":[{"href":"https:\/\/designplusmoda.com.ar\/index.php?rest_route=%2Fwp%2Fv2%2Fmedia&parent=18"}],"curies":[{"name":"wp","href":"https:\/\/api.w.org\/{rel}","templated":true}]}}